{"id":4890,"date":"2022-04-05T13:54:29","date_gmt":"2022-04-05T13:54:29","guid":{"rendered":"https:\/\/patiotime.loftocean.com\/demo2\/?page_id=4890"},"modified":"2025-05-11T18:28:47","modified_gmt":"2025-05-11T16:28:47","slug":"about","status":"publish","type":"page","link":"https:\/\/brasserie-lauthentique.lu\/index.php\/about\/","title":{"rendered":"About"},"content":{"rendered":"\t\t<div data-elementor-type=\"wp-page\" data-elementor-id=\"4890\" class=\"elementor elementor-4890\">\n\t\t\t\t\t\t<section class=\"elementor-section elementor-top-section elementor-element elementor-element-45fed3cf pt-section-content-fullwidth pt-parallax-on-scroll pt_scroll_y_150 elementor-section-boxed elementor-section-height-default elementor-section-height-default\" data-id=\"45fed3cf\" data-element_type=\"section\" data-e-type=\"section\" data-settings=\"{&quot;background_background&quot;:&quot;classic&quot;}\" data-pt-parallax-y=\"150\" style=\"background-image: none;\" data-pt-background-image=\"https:\/\/patiotime.loftocean.com\/demo3\/wp-content\/uploads\/sites\/3\/2022\/04\/q-u-i-Zrp9b3PMIy8-unsplash.jpg\">\n\t\t\t\t\t\t\t<div class=\"elementor-background-overlay\"><\/div>\n\t\t\t\t\t\t\t<div class=\"elementor-container elementor-column-gap-no\">\n\t\t\t\t\t<div class=\"elementor-column elementor-col-100 elementor-top-column elementor-element elementor-element-534bfec1 dark-color\" data-id=\"534bfec1\" data-element_type=\"column\" data-e-type=\"column\">\n\t\t\t<div class=\"elementor-widget-wrap elementor-element-populated\">\n\t\t\t\t\t\t<div class=\"elementor-element elementor-element-2be3b49b elementor-widget elementor-widget-pt_title\" data-id=\"2be3b49b\" data-element_type=\"widget\" data-e-type=\"widget\" data-widget_type=\"pt_title.default\">\n\t\t\t\t<div class=\"elementor-widget-container\">\n\t\t\t\t\t\n        <div class=\"pt-title-wrap text-center\">\t            <h1 class=\"pt-title\">\n\t                \u00c0 PROPOS DE NOUS\t            <\/h1>        <\/div>\t\t\t\t<\/div>\n\t\t\t\t<\/div>\n\t\t\t\t\t<\/div>\n\t\t<\/div>\n\t\t\t\t\t<\/div>\n\t\t<\/section>\n\t\t\t\t<section class=\"elementor-section elementor-top-section elementor-element elementor-element-3d86ece elementor-section-boxed elementor-section-height-default elementor-section-height-default\" data-id=\"3d86ece\" data-element_type=\"section\" data-e-type=\"section\">\n\t\t\t\t\t\t<div class=\"elementor-container elementor-column-gap-no\">\n\t\t\t\t\t<div class=\"elementor-column elementor-col-100 elementor-top-column elementor-element elementor-element-362adcd\" data-id=\"362adcd\" data-element_type=\"column\" data-e-type=\"column\">\n\t\t\t<div class=\"elementor-widget-wrap elementor-element-populated\">\n\t\t\t\t\t\t<div class=\"elementor-element elementor-element-c898b7b elementor-widget elementor-widget-pt_title\" data-id=\"c898b7b\" data-element_type=\"widget\" data-e-type=\"widget\" data-widget_type=\"pt_title.default\">\n\t\t\t\t<div class=\"elementor-widget-container\">\n\t\t\t\t\t\n        <div class=\"pt-title-wrap text-center\">\t            <h6 class=\"pt-title\">\n\t                Une brasserie ou un bistrot ou simple resto ? tout ce qui compte pour nous c'est la convivialit\u00e9 et la singularit\u00e9. On adore vous recevoir, pour un verre au bar, ou une soir\u00e9e entre coll\u00e8gues dans notre cave, un anniversaire, un repas de famille, des copains qui rient aux \u00e9clats, les habitu\u00e9s du quartier ! <br>Notre objectif: la gourmandise et vous faire plaisir !\t            <\/h6>\t            <div class=\"pt-title-text\">\n\t                <p>&#8211; L&rsquo;\u00e9quipe L&rsquo;Authentique &#8211;<\/p>\t            <\/div>        <\/div>\t\t\t\t<\/div>\n\t\t\t\t<\/div>\n\t\t\t\t\t<\/div>\n\t\t<\/div>\n\t\t\t\t\t<\/div>\n\t\t<\/section>\n\t\t\t\t<section class=\"elementor-section elementor-top-section elementor-element elementor-element-18c2310 elementor-section-boxed elementor-section-height-default elementor-section-height-default\" data-id=\"18c2310\" data-element_type=\"section\" data-e-type=\"section\">\n\t\t\t\t\t\t<div class=\"elementor-container elementor-column-gap-no\">\n\t\t\t\t\t<div class=\"elementor-column elementor-col-50 elementor-top-column elementor-element elementor-element-374325f pt-animation-medium-offset elementor-invisible\" data-id=\"374325f\" data-element_type=\"column\" data-e-type=\"column\" data-settings=\"{&quot;background_background&quot;:&quot;classic&quot;,&quot;animation&quot;:&quot;fadeInUp&quot;,&quot;animation_delay&quot;:200}\">\n\t\t\t<div class=\"elementor-widget-wrap elementor-element-populated\">\n\t\t\t\t\t\t<div class=\"elementor-element elementor-element-11da9e0 elementor-widget elementor-widget-spacer\" data-id=\"11da9e0\" data-element_type=\"widget\" data-e-type=\"widget\" data-widget_type=\"spacer.default\">\n\t\t\t\t<div class=\"elementor-widget-container\">\n\t\t\t\t\t\t\t<div class=\"elementor-spacer\">\n\t\t\t<div class=\"elementor-spacer-inner\"><\/div>\n\t\t<\/div>\n\t\t\t\t\t\t<\/div>\n\t\t\t\t<\/div>\n\t\t\t\t\t<\/div>\n\t\t<\/div>\n\t\t\t\t<div class=\"elementor-column elementor-col-50 elementor-top-column elementor-element elementor-element-7a642d8\" data-id=\"7a642d8\" data-element_type=\"column\" data-e-type=\"column\" data-settings=\"{&quot;background_background&quot;:&quot;classic&quot;}\">\n\t\t\t<div class=\"elementor-widget-wrap elementor-element-populated\">\n\t\t\t\t\t\t<div class=\"elementor-element elementor-element-25f55e9 elementor-widget elementor-widget-pt_title\" data-id=\"25f55e9\" data-element_type=\"widget\" data-e-type=\"widget\" data-widget_type=\"pt_title.default\">\n\t\t\t\t<div class=\"elementor-widget-container\">\n\t\t\t\t\t\n        <div class=\"pt-title-wrap text-center\">\t            <div class=\"pt-subtitle-wrap\"><span class=\"pt-subtitle\">Un bar, une histoire<\/span><\/div>\t            <h6 class=\"pt-title\">\n\t                Rhums, Cocktails &amp; la Cave \u00e0 Vins du Chef\t            <\/h6>\t            <div class=\"pt-title-text\">\n\t                <p>Des Rhums arrang\u00e9s signatures, pr\u00e9par\u00e9s avec amour, et des cocktails, \u00a0autour du bar ou en terrasse.\u00a0<\/p><p>Notre carte des vins et champagnes saura sublimer nos plats.<\/p>\t            <\/div>                <div class=\"pt-title-btn\">\n                    <a class=\"button elementor-button-link\" role=\"button\" href=\"http:\/\/lauthentique.theorix.eu\/index.php\/carte-des-vins\/\">\n                        <span class=\"pt-btn-text\">Le bar<\/span>\n                    <\/a>\n                <\/div>\n                    <\/div>\t\t\t\t<\/div>\n\t\t\t\t<\/div>\n\t\t\t\t\t<\/div>\n\t\t<\/div>\n\t\t\t\t\t<\/div>\n\t\t<\/section>\n\t\t\t\t<section class=\"elementor-section elementor-top-section elementor-element elementor-element-b66dc7a elementor-section-boxed elementor-section-height-default elementor-section-height-default\" data-id=\"b66dc7a\" data-element_type=\"section\" data-e-type=\"section\">\n\t\t\t\t\t\t<div class=\"elementor-container elementor-column-gap-no\">\n\t\t\t\t\t<div class=\"elementor-column elementor-col-50 elementor-top-column elementor-element elementor-element-d7c55d2\" data-id=\"d7c55d2\" data-element_type=\"column\" data-e-type=\"column\" data-settings=\"{&quot;background_background&quot;:&quot;classic&quot;}\">\n\t\t\t<div class=\"elementor-widget-wrap elementor-element-populated\">\n\t\t\t\t\t\t<div class=\"elementor-element elementor-element-f4c81d6 elementor-widget elementor-widget-pt_title\" data-id=\"f4c81d6\" data-element_type=\"widget\" data-e-type=\"widget\" data-widget_type=\"pt_title.default\">\n\t\t\t\t<div class=\"elementor-widget-container\">\n\t\t\t\t\t\n        <div class=\"pt-title-wrap text-center\">\t            <div class=\"pt-subtitle-wrap\"><span class=\"pt-subtitle\">Le restaurant<\/span><\/div>\t            <h6 class=\"pt-title\">\n\t                La Gourmandise\t            <\/h6>\t            <div class=\"pt-title-text\">\n\t                <p>Une cuisine traditionnelle fran\u00e7aise, simple, bonne et g\u00e9n\u00e9reuse qui repose sur les savoirs faire des chefs et les produits de qualit\u00e9s.\u00a0<\/p><p>Tous les plats sont enti\u00e8rement faits maison.<\/p><p>Et pour se d\u00e9lecter et profiter de votre moment, nous pouvons vous accueillir dans l&rsquo;un de nos 3 espaces: la salle principale, la terrasse et la cave (cette derni\u00e8re, sur r\u00e9servation).<\/p>\t            <\/div>                <div class=\"pt-title-btn\">\n                    <a class=\"button elementor-button-link\" role=\"button\" href=\"http:\/\/lauthentique.theorix.eu\/index.php\/menus\/\">\n                        <span class=\"pt-btn-text\">Notre Menu<\/span>\n                    <\/a>\n                <\/div>\n                    <\/div>\t\t\t\t<\/div>\n\t\t\t\t<\/div>\n\t\t\t\t\t<\/div>\n\t\t<\/div>\n\t\t\t\t<div class=\"elementor-column elementor-col-50 elementor-top-column elementor-element elementor-element-8c667bc pt-animation-medium-offset elementor-invisible\" data-id=\"8c667bc\" data-element_type=\"column\" data-e-type=\"column\" data-settings=\"{&quot;background_background&quot;:&quot;classic&quot;,&quot;animation&quot;:&quot;fadeInUp&quot;,&quot;animation_delay&quot;:200}\">\n\t\t\t<div class=\"elementor-widget-wrap elementor-element-populated\">\n\t\t\t\t\t\t<div class=\"elementor-element elementor-element-bac9f6a elementor-widget elementor-widget-spacer\" data-id=\"bac9f6a\" data-element_type=\"widget\" data-e-type=\"widget\" data-widget_type=\"spacer.default\">\n\t\t\t\t<div class=\"elementor-widget-container\">\n\t\t\t\t\t\t\t<div class=\"elementor-spacer\">\n\t\t\t<div class=\"elementor-spacer-inner\"><\/div>\n\t\t<\/div>\n\t\t\t\t\t\t<\/div>\n\t\t\t\t<\/div>\n\t\t\t\t\t<\/div>\n\t\t<\/div>\n\t\t\t\t\t<\/div>\n\t\t<\/section>\n\t\t\t\t<section class=\"elementor-section elementor-top-section elementor-element elementor-element-65e00c4 elementor-section-boxed elementor-section-height-default elementor-section-height-default\" data-id=\"65e00c4\" data-element_type=\"section\" data-e-type=\"section\">\n\t\t\t\t\t\t<div class=\"elementor-container elementor-column-gap-no\">\n\t\t\t\t\t<div class=\"elementor-column elementor-col-50 elementor-top-column elementor-element elementor-element-c487f97 pt-animation-medium-offset elementor-invisible\" data-id=\"c487f97\" data-element_type=\"column\" data-e-type=\"column\" data-settings=\"{&quot;background_background&quot;:&quot;classic&quot;,&quot;animation&quot;:&quot;fadeInUp&quot;,&quot;animation_delay&quot;:200}\">\n\t\t\t<div class=\"elementor-widget-wrap elementor-element-populated\">\n\t\t\t\t\t\t<div class=\"elementor-element elementor-element-7a317b9 elementor-widget elementor-widget-spacer\" data-id=\"7a317b9\" data-element_type=\"widget\" data-e-type=\"widget\" data-widget_type=\"spacer.default\">\n\t\t\t\t<div class=\"elementor-widget-container\">\n\t\t\t\t\t\t\t<div class=\"elementor-spacer\">\n\t\t\t<div class=\"elementor-spacer-inner\"><\/div>\n\t\t<\/div>\n\t\t\t\t\t\t<\/div>\n\t\t\t\t<\/div>\n\t\t\t\t\t<\/div>\n\t\t<\/div>\n\t\t\t\t<div class=\"elementor-column elementor-col-50 elementor-top-column elementor-element elementor-element-fafad51\" data-id=\"fafad51\" data-element_type=\"column\" data-e-type=\"column\" data-settings=\"{&quot;background_background&quot;:&quot;classic&quot;}\">\n\t\t\t<div class=\"elementor-widget-wrap elementor-element-populated\">\n\t\t\t\t\t\t<div class=\"elementor-element elementor-element-e909d1f elementor-widget elementor-widget-pt_title\" data-id=\"e909d1f\" data-element_type=\"widget\" data-e-type=\"widget\" data-widget_type=\"pt_title.default\">\n\t\t\t\t<div class=\"elementor-widget-container\">\n\t\t\t\t\t\n        <div class=\"pt-title-wrap text-center\">\t            <div class=\"pt-subtitle-wrap\"><span class=\"pt-subtitle\">La cave du chef<\/span><\/div>\t            <h6 class=\"pt-title\">\n\t                D\u00e9gustations &amp; Privatisations\t            <\/h6>\t            <div class=\"pt-title-text\">\n\t                <p>Une cave vout\u00e9e pour accueillir vos \u00e9v\u00e9nements priv\u00e9s ou un moment pour une d\u00e9gustation de vins ou cocktails \u00e0 r\u00e9server.<\/p><p>Endroit intimiste et d\u00e9tendu: Bonne d\u00e9gustation !<\/p>\t            <\/div>                <div class=\"pt-title-btn\">\n                    <a class=\"button elementor-button-link\" role=\"button\" href=\"http:\/\/lauthentique.theorix.eu\/index.php\/vos-evenements\/\">\n                        <span class=\"pt-btn-text\">Vos \u00e9v\u00e9nements<\/span>\n                    <\/a>\n                <\/div>\n                    <\/div>\t\t\t\t<\/div>\n\t\t\t\t<\/div>\n\t\t\t\t\t<\/div>\n\t\t<\/div>\n\t\t\t\t\t<\/div>\n\t\t<\/section>\n\t\t\t\t<\/div>\n\t\t","protected":false},"excerpt":{"rendered":"<p>\u00c0 PROPOS DE NOUS Une brasserie ou un bistrot ou simple resto ? tout ce qui compte pour nous c&rsquo;est la convivialit\u00e9 et la singularit\u00e9. On adore vous recevoir, pour un verre au bar, ou une soir\u00e9e entre coll\u00e8gues dans notre cave, un anniversaire, un repas de famille, des copains qui rient aux \u00e9clats, les &#8230;<\/p>\n","protected":false},"author":1,"featured_media":0,"parent":0,"menu_order":0,"comment_status":"closed","ping_status":"closed","template":"template-wide-content.php","meta":{"patiotime_single_page_hide_site_header":"","patiotime_single_page_site_header_source":"","patiotime_single_page_custom_site_header":"0","patiotime_single_page_custom_sticky_site_header":"0","patiotime_single_page_custom_page_title_margin_top_source":"","patiotime_single_page_custom_page_title_desktop_margin_top":"","patiotime_single_page_custom_page_title_tablet_margin_top":"","patiotime_single_page_custom_page_title_mobile_margin_top":"","patiotime_single_page_hide_page_title":"on","patiotime_single_page_header_section_size":"","patiotime_single_page_header_background_color":"","patiotime_single_page_header_background_position_x":"center","patiotime_single_page_header_background_position_y":"center","patiotime_single_page_header_background_size":"cover","patiotime_single_page_header_background_repeat":"off","patiotime_single_page_header_background_scroll":"on","patiotime_single_page_header_text_color":"","patiotime_single_page_header_show_breadcrumb":"","patiotime_single_page_site_footer_hide_main":"","patiotime_single_custom_site_footer_main_source":"","patiotime_single_custom_site_footer_main":"0","patiotime_single_page_site_footer_hide_above":"","patiotime_single_custom_site_footer_above_source":"","patiotime_single_custom_site_footer_above":"0","patiotime_single_page_site_footer_hide_instagram":"","patiotime_single_page_site_footer_hide_bottom":"","patiotime_single_custom_mobile_menu_source":"","patiotime_single_custom_mobile_menu":"0","patiotime_single_custom_mobile_menu_animation":"","patiotime_single_custom_mobile_menu_width":"","patiotime_single_custom_mobile_menu_custom_width":375,"footnotes":""},"class_list":["post-4890","page","type-page","status-publish","hentry"],"_links":{"self":[{"href":"https:\/\/brasserie-lauthentique.lu\/index.php\/wp-json\/wp\/v2\/pages\/4890","targetHints":{"allow":["GET"]}}],"collection":[{"href":"https:\/\/brasserie-lauthentique.lu\/index.php\/wp-json\/wp\/v2\/pages"}],"about":[{"href":"https:\/\/brasserie-lauthentique.lu\/index.php\/wp-json\/wp\/v2\/types\/page"}],"author":[{"embeddable":true,"href":"https:\/\/brasserie-lauthentique.lu\/index.php\/wp-json\/wp\/v2\/users\/1"}],"replies":[{"embeddable":true,"href":"https:\/\/brasserie-lauthentique.lu\/index.php\/wp-json\/wp\/v2\/comments?post=4890"}],"version-history":[{"count":26,"href":"https:\/\/brasserie-lauthentique.lu\/index.php\/wp-json\/wp\/v2\/pages\/4890\/revisions"}],"predecessor-version":[{"id":6960,"href":"https:\/\/brasserie-lauthentique.lu\/index.php\/wp-json\/wp\/v2\/pages\/4890\/revisions\/6960"}],"wp:attachment":[{"href":"https:\/\/brasserie-lauthentique.lu\/index.php\/wp-json\/wp\/v2\/media?parent=4890"}],"curies":[{"name":"wp","href":"https:\/\/api.w.org\/{rel}","templated":true}]}}