{"id":8,"date":"2025-05-10T19:45:39","date_gmt":"2025-05-10T17:45:39","guid":{"rendered":"http:\/\/lauthentique.theorix.eu\/?page_id=8"},"modified":"2025-06-04T19:43:50","modified_gmt":"2025-06-04T17:43:50","slug":"vos-evenements","status":"publish","type":"page","link":"https:\/\/brasserie-lauthentique.lu\/index.php\/vos-evenements\/","title":{"rendered":"Vos \u00e9v\u00e9nements"},"content":{"rendered":"\t\t<div data-elementor-type=\"wp-post\" data-elementor-id=\"8\" class=\"elementor elementor-8\">\n\t\t\t\t<div class=\"elementor-element elementor-element-def0b61 e-flex e-con-boxed e-con e-parent\" data-id=\"def0b61\" data-element_type=\"container\" data-e-type=\"container\">\n\t\t\t\t\t<div class=\"e-con-inner\">\n\t\t\t\t<div class=\"elementor-element elementor-element-0911d43 elementor-widget elementor-widget-text-editor\" data-id=\"0911d43\" data-element_type=\"widget\" data-e-type=\"widget\" data-widget_type=\"text-editor.default\">\n\t\t\t\t<div class=\"elementor-widget-container\">\n\t\t\t\t\t\t\t\t\t<p>Vous \u00eates \u00e0 la recherche d&rsquo;un lieu chaleureux et intimiste pour votre \u00e9v\u00e9nement priv\u00e9 ou d&rsquo;entreprise ?<\/p><h4>Mariages, Bapt\u00eames, anniversaires, reunion de famille, r\u00e9union d&rsquo;entreprises, f\u00eates de fin d&rsquo;ann\u00e9e&#8230;.<\/h4><div>Nous avons \u00e0 votre disposition deux salles de restaurant, dont une dans une cave vout\u00e9e, et une terrasse en ext\u00e9rieur, pour un menu \u00e0 choisir ensemble, un cocktail dinatoire ou des forfaits boissons.<\/div>\t\t\t\t\t\t\t\t<\/div>\n\t\t\t\t<\/div>\n\t\t\t\t\t<\/div>\n\t\t\t\t<\/div>\n\t\t<div class=\"elementor-element elementor-element-29dad97 e-flex e-con-boxed e-con e-parent\" data-id=\"29dad97\" data-element_type=\"container\" data-e-type=\"container\">\n\t\t\t\t\t<div class=\"e-con-inner\">\n\t\t\t\t<div class=\"elementor-element elementor-element-b2bc788 elementor-widget elementor-widget-text-editor\" data-id=\"b2bc788\" data-element_type=\"widget\" data-e-type=\"widget\" data-widget_type=\"text-editor.default\">\n\t\t\t\t<div class=\"elementor-widget-container\">\n\t\t\t\t\t\t\t\t\t<h2>\u00a0<\/h2>\t\t\t\t\t\t\t\t<\/div>\n\t\t\t\t<\/div>\n\t\t\t\t\t<\/div>\n\t\t\t\t<\/div>\n\t\t<div class=\"elementor-element elementor-element-3bc1c21 e-flex e-con-boxed e-con e-parent\" data-id=\"3bc1c21\" data-element_type=\"container\" data-e-type=\"container\">\n\t\t\t\t\t<div class=\"e-con-inner\">\n\t\t\t\t<div class=\"elementor-element elementor-element-dc4ae7c elementor-widget elementor-widget-text-editor\" data-id=\"dc4ae7c\" data-element_type=\"widget\" data-e-type=\"widget\" data-widget_type=\"text-editor.default\">\n\t\t\t\t<div class=\"elementor-widget-container\">\n\t\t\t\t\t\t\t\t\t<p>=&gt; Contactez Mr Lafon par e-mail:<\/p><p><a class=\"ProsemirrorEditor-link\" href=\"mailto:contact@brasserie-lauthentique.lu\">contact@brasserie-lauthentique.lu<\/a>\u00a0pour lui faire part de vos souhaits en lui communiquant :<\/p><ol class=\"ProsemirrorEditor-list ProsemirrorEditor-block\"><li class=\"ProsemirrorEditor-listItem\">Le type d\u2019\u00e9v\u00e8nements souhait\u00e9<\/li><li class=\"ProsemirrorEditor-listItem\"><p>La date et l&rsquo;heure de votre \u00e9v\u00e8nement<\/p><\/li><li class=\"ProsemirrorEditor-listItem\"><p>Le nombre de personnes<\/p><\/li><li class=\"ProsemirrorEditor-listItem\"><p>Pour un cocktail dinatoire merci de nous communiquer votre budget pour nous puissions vous \u00a0proposer une offre ad\u00e9quate<\/p><\/li><\/ol>\t\t\t\t\t\t\t\t<\/div>\n\t\t\t\t<\/div>\n\t\t\t\t\t<\/div>\n\t\t\t\t<\/div>\n\t\t<div class=\"elementor-element elementor-element-a1c8a1f e-flex e-con-boxed e-con e-parent\" data-id=\"a1c8a1f\" data-element_type=\"container\" data-e-type=\"container\">\n\t\t\t\t\t<div class=\"e-con-inner\">\n\t\t\t\t<div class=\"elementor-element elementor-element-12fcaad elementor-widget elementor-widget-text-editor\" data-id=\"12fcaad\" data-element_type=\"widget\" data-e-type=\"widget\" data-widget_type=\"text-editor.default\">\n\t\t\t\t<div class=\"elementor-widget-container\">\n\t\t\t\t\t\t\t\t\t<h2>\u00a0<\/h2>\t\t\t\t\t\t\t\t<\/div>\n\t\t\t\t<\/div>\n\t\t\t\t\t<\/div>\n\t\t\t\t<\/div>\n\t\t<div class=\"elementor-element elementor-element-4dd5886 e-grid e-con-boxed e-con e-parent\" data-id=\"4dd5886\" data-element_type=\"container\" data-e-type=\"container\">\n\t\t\t\t\t<div class=\"e-con-inner\">\n\t\t\t\t<div class=\"elementor-element elementor-element-bd6ffb1 elementor-widget elementor-widget-text-editor\" data-id=\"bd6ffb1\" data-element_type=\"widget\" data-e-type=\"widget\" data-widget_type=\"text-editor.default\">\n\t\t\t\t<div class=\"elementor-widget-container\">\n\t\t\t\t\t\t\t\t\t<p><span style=\"text-decoration: underline;\"><strong>Informations :<\/strong><\/span><\/p>\n<ol>\n<li>Droit de bouchon = 30\u20ac par bouteille<\/li>\n<li>Frais suppl\u00e9mentaire de personnel = 150\u20ac\/h \u00e0 partir de 00h<\/li>\n<li>Demande de nuit blanche (obligatoire \u00e0 partir de 1h du matin) = 150\u20ac<\/li>\n<li>Un acompte de 30% vous sera demand\u00e9 pour valider votre r\u00e9servation<\/li>\n<li>Toute personne se d\u00e9sistant moins de 48h \u00e0 l\u2019avance sera factur\u00e9e<\/li>\n<li>Pour toutes allergies alimentaires merci de nous le communiquer par mail avant la date de votre \u00e9v\u00e8nement<\/li>\n<li>Le solde de la prestation est \u00e0 r\u00e9gler en CB ou en esp\u00e8ces le jour de la prestation<\/li>\n<li>Privatisation du restaurant pour un montant minimum de consommation de 1800\u20ac du lundi au jeudi et 2500\u20ac du vendredi au dimanche<\/li>\n<\/ol>\t\t\t\t\t\t\t\t<\/div>\n\t\t\t\t<\/div>\n\t\t\t\t<div class=\"elementor-element elementor-element-5d1481c elementor-align-center elementor-widget elementor-widget-pt_rounded_image\" data-id=\"5d1481c\" data-element_type=\"widget\" data-e-type=\"widget\" data-widget_type=\"pt_rounded_image.default\">\n\t\t\t\t<div class=\"elementor-widget-container\">\n\t\t\t\t\t\t\t\t\t<div class=\"pt-rounded-image\" style=\"border-radius: 0 0 0 0;\">\n\t\t\t\t\t\t\t\t\t\t<img fetchpriority=\"high\" decoding=\"async\" width=\"1992\" height=\"1244\" src=\"https:\/\/brasserie-lauthentique.lu\/wp-content\/uploads\/2025\/05\/Cave-lAuthentique-Limperstberg-Luxembourg.png\" class=\"attachment-full size-full wp-image-6766\" alt=\"\" srcset=\"https:\/\/brasserie-lauthentique.lu\/wp-content\/uploads\/2025\/05\/Cave-lAuthentique-Limperstberg-Luxembourg.png 1992w, https:\/\/brasserie-lauthentique.lu\/wp-content\/uploads\/2025\/05\/Cave-lAuthentique-Limperstberg-Luxembourg-300x187.png 300w, https:\/\/brasserie-lauthentique.lu\/wp-content\/uploads\/2025\/05\/Cave-lAuthentique-Limperstberg-Luxembourg-1024x639.png 1024w, https:\/\/brasserie-lauthentique.lu\/wp-content\/uploads\/2025\/05\/Cave-lAuthentique-Limperstberg-Luxembourg-768x480.png 768w, https:\/\/brasserie-lauthentique.lu\/wp-content\/uploads\/2025\/05\/Cave-lAuthentique-Limperstberg-Luxembourg-1536x959.png 1536w, https:\/\/brasserie-lauthentique.lu\/wp-content\/uploads\/2025\/05\/Cave-lAuthentique-Limperstberg-Luxembourg-1920x1199.png 1920w, https:\/\/brasserie-lauthentique.lu\/wp-content\/uploads\/2025\/05\/Cave-lAuthentique-Limperstberg-Luxembourg-1440x899.png 1440w, https:\/\/brasserie-lauthentique.lu\/wp-content\/uploads\/2025\/05\/Cave-lAuthentique-Limperstberg-Luxembourg-1200x749.png 1200w, https:\/\/brasserie-lauthentique.lu\/wp-content\/uploads\/2025\/05\/Cave-lAuthentique-Limperstberg-Luxembourg-780x487.png 780w, https:\/\/brasserie-lauthentique.lu\/wp-content\/uploads\/2025\/05\/Cave-lAuthentique-Limperstberg-Luxembourg-600x375.png 600w, https:\/\/brasserie-lauthentique.lu\/wp-content\/uploads\/2025\/05\/Cave-lAuthentique-Limperstberg-Luxembourg-550x343.png 550w, https:\/\/brasserie-lauthentique.lu\/wp-content\/uploads\/2025\/05\/Cave-lAuthentique-Limperstberg-Luxembourg-370x231.png 370w, https:\/\/brasserie-lauthentique.lu\/wp-content\/uploads\/2025\/05\/Cave-lAuthentique-Limperstberg-Luxembourg-255x159.png 255w\" sizes=\"(max-width: 1992px) 100vw, 1992px\" \/>\t\t\t\t\t\t\t\t\t<\/div>\t\t\t\t<\/div>\n\t\t\t\t<\/div>\n\t\t\t\t\t<\/div>\n\t\t\t\t<\/div>\n\t\t<div class=\"elementor-element elementor-element-0883589 e-flex e-con-boxed e-con e-parent\" data-id=\"0883589\" data-element_type=\"container\" data-e-type=\"container\">\n\t\t\t\t\t<div class=\"e-con-inner\">\n\t\t\t\t\t<\/div>\n\t\t\t\t<\/div>\n\t\t<div class=\"elementor-element elementor-element-919e4ef e-flex e-con-boxed e-con e-parent\" data-id=\"919e4ef\" data-element_type=\"container\" data-e-type=\"container\">\n\t\t\t\t\t<div class=\"e-con-inner\">\n\t\t\t\t<div class=\"elementor-element elementor-element-9bf8b62 elementor-align-center elementor-widget elementor-widget-pt_button\" data-id=\"9bf8b62\" data-element_type=\"widget\" data-e-type=\"widget\" data-widget_type=\"pt_button.default\">\n\t\t\t\t<div class=\"elementor-widget-container\">\n\t\t\t\t\t        <a href=\"http:\/\/lauthentique.theorix.eu\/index.php\/contact\/\" class=\"elementor-button-link button\" role=\"button\">\n            <span class=\"pt-btn-text\">Contactez-nous<\/span>\n        <\/a>\t\t\t\t<\/div>\n\t\t\t\t<\/div>\n\t\t\t\t\t<\/div>\n\t\t\t\t<\/div>\n\t\t\t\t<\/div>\n\t\t","protected":false},"excerpt":{"rendered":"<p>Vous \u00eates \u00e0 la recherche d&rsquo;un lieu chaleureux et intimiste pour votre \u00e9v\u00e9nement priv\u00e9 ou d&rsquo;entreprise ? Mariages, Bapt\u00eames, anniversaires, reunion de famille, r\u00e9union d&rsquo;entreprises, f\u00eates de fin d&rsquo;ann\u00e9e&#8230;. Nous avons \u00e0 votre disposition deux salles de restaurant, dont une dans une cave vout\u00e9e, et une terrasse en ext\u00e9rieur, pour un menu \u00e0 choisir ensemble, &#8230;<\/p>\n","protected":false},"author":1,"featured_media":0,"parent":0,"menu_order":0,"comment_status":"closed","ping_status":"closed","template":"template-wide-content.php","meta":{"patiotime_single_page_hide_site_header":"","patiotime_single_page_site_header_source":"","patiotime_single_page_custom_site_header":"0","patiotime_single_page_custom_sticky_site_header":"0","patiotime_single_page_custom_page_title_margin_top_source":"","patiotime_single_page_custom_page_title_desktop_margin_top":"","patiotime_single_page_custom_page_title_tablet_margin_top":"","patiotime_single_page_custom_page_title_mobile_margin_top":"","patiotime_single_page_hide_page_title":"","patiotime_single_page_header_section_size":"","patiotime_single_page_header_background_color":"","patiotime_single_page_header_background_position_x":"center","patiotime_single_page_header_background_position_y":"center","patiotime_single_page_header_background_size":"cover","patiotime_single_page_header_background_repeat":"off","patiotime_single_page_header_background_scroll":"on","patiotime_single_page_header_text_color":"","patiotime_single_page_header_show_breadcrumb":"","patiotime_single_page_site_footer_hide_main":"","patiotime_single_custom_site_footer_main_source":"","patiotime_single_custom_site_footer_main":"0","patiotime_single_page_site_footer_hide_above":"","patiotime_single_custom_site_footer_above_source":"","patiotime_single_custom_site_footer_above":"0","patiotime_single_page_site_footer_hide_instagram":"","patiotime_single_page_site_footer_hide_bottom":"","patiotime_single_custom_mobile_menu_source":"","patiotime_single_custom_mobile_menu":"0","patiotime_single_custom_mobile_menu_animation":"","patiotime_single_custom_mobile_menu_width":"","patiotime_single_custom_mobile_menu_custom_width":375,"footnotes":""},"class_list":["post-8","page","type-page","status-publish","hentry"],"_links":{"self":[{"href":"https:\/\/brasserie-lauthentique.lu\/index.php\/wp-json\/wp\/v2\/pages\/8","targetHints":{"allow":["GET"]}}],"collection":[{"href":"https:\/\/brasserie-lauthentique.lu\/index.php\/wp-json\/wp\/v2\/pages"}],"about":[{"href":"https:\/\/brasserie-lauthentique.lu\/index.php\/wp-json\/wp\/v2\/types\/page"}],"author":[{"embeddable":true,"href":"https:\/\/brasserie-lauthentique.lu\/index.php\/wp-json\/wp\/v2\/users\/1"}],"replies":[{"embeddable":true,"href":"https:\/\/brasserie-lauthentique.lu\/index.php\/wp-json\/wp\/v2\/comments?post=8"}],"version-history":[{"count":32,"href":"https:\/\/brasserie-lauthentique.lu\/index.php\/wp-json\/wp\/v2\/pages\/8\/revisions"}],"predecessor-version":[{"id":7396,"href":"https:\/\/brasserie-lauthentique.lu\/index.php\/wp-json\/wp\/v2\/pages\/8\/revisions\/7396"}],"wp:attachment":[{"href":"https:\/\/brasserie-lauthentique.lu\/index.php\/wp-json\/wp\/v2\/media?parent=8"}],"curies":[{"name":"wp","href":"https:\/\/api.w.org\/{rel}","templated":true}]}}